{"id":10,"date":"2022-01-17T16:57:15","date_gmt":"2022-01-17T16:57:15","guid":{"rendered":"https:\/\/corporativoglock.com\/?page_id=10"},"modified":"2022-01-25T17:25:22","modified_gmt":"2022-01-25T17:25:22","slug":"pagina-de-inicio","status":"publish","type":"page","link":"https:\/\/corporativoglock.com\/","title":{"rendered":"Asesor\u00eda gastron\u00f3mica y restaurantera"},"content":{"rendered":"\n<p>Especialistas dedicados a brindar consultor\u00eda a restaurantes y a negocios en el sector de alimentos y bebidas.<\/p>\n\n\n\n<p>Nuestro m\u00e9todo o sistema de trabajo tiene como objetivo la rentabilidad de negocios, el desarrollo del dise\u00f1o y estrategias s\u00f3lidas para tu oferta gastron\u00f3mica que te permitan brindar una mejor experiencia y calidad de servicio.<\/p>\n","protected":false},"excerpt":{"rendered":"<p>Especialistas dedicados a brindar consultor\u00eda a restaurantes y a negocios en el sector de alimentos y bebidas. Nuestro m\u00e9todo o sistema de trabajo tiene como objetivo la rentabilidad de negocios, el desarrollo del dise\u00f1o y estrategias s\u00f3lidas para tu oferta gastron\u00f3mica que te permitan brindar una mejor experiencia y calidad de servicio.<\/p>\n","protected":false},"author":1,"featured_media":0,"parent":0,"menu_order":0,"comment_status":"closed","ping_status":"closed","template":"","meta":{"om_disable_all_campaigns":false,"_monsterinsights_skip_tracking":false,"_monsterinsights_sitenote_active":false,"_monsterinsights_sitenote_note":"","_monsterinsights_sitenote_category":0,"_uf_show_specific_survey":0,"_uf_disable_surveys":false,"footnotes":""},"class_list":["post-10","page","type-page","status-publish","hentry"],"aioseo_notices":[],"_links":{"self":[{"href":"https:\/\/corporativoglock.com\/index.php?rest_route=\/wp\/v2\/pages\/10","targetHints":{"allow":["GET"]}}],"collection":[{"href":"https:\/\/corporativoglock.com\/index.php?rest_route=\/wp\/v2\/pages"}],"about":[{"href":"https:\/\/corporativoglock.com\/index.php?rest_route=\/wp\/v2\/types\/page"}],"author":[{"embeddable":true,"href":"https:\/\/corporativoglock.com\/index.php?rest_route=\/wp\/v2\/users\/1"}],"replies":[{"embeddable":true,"href":"https:\/\/corporativoglock.com\/index.php?rest_route=%2Fwp%2Fv2%2Fcomments&post=10"}],"version-history":[{"count":4,"href":"https:\/\/corporativoglock.com\/index.php?rest_route=\/wp\/v2\/pages\/10\/revisions"}],"predecessor-version":[{"id":100,"href":"https:\/\/corporativoglock.com\/index.php?rest_route=\/wp\/v2\/pages\/10\/revisions\/100"}],"wp:attachment":[{"href":"https:\/\/corporativoglock.com\/index.php?rest_route=%2Fwp%2Fv2%2Fmedia&parent=10"}],"curies":[{"name":"wp","href":"https:\/\/api.w.org\/{rel}","templated":true}]}}