{"id":11,"date":"2022-01-17T16:57:15","date_gmt":"2022-01-17T16:57:15","guid":{"rendered":"https:\/\/corporativoglock.com\/?page_id=11"},"modified":"2022-01-20T16:28:15","modified_gmt":"2022-01-20T16:28:15","slug":"acerca-de","status":"publish","type":"page","link":"https:\/\/corporativoglock.com\/?page_id=11","title":{"rendered":"Acerca de nosotros"},"content":{"rendered":"<style>\/*! elementor - v3.5.3 - 28-12-2021 *\/<br \/>\n.elementor-heading-title{padding:0;margin:0;line-height:1}.elementor-widget-heading .elementor-heading-title[class*=elementor-size-]>a{color:inherit;font-size:inherit;line-height:inherit}.elementor-widget-heading .elementor-heading-title.elementor-size-small{font-size:15px}.elementor-widget-heading .elementor-heading-title.elementor-size-medium{font-size:19px}.elementor-widget-heading .elementor-heading-title.elementor-size-large{font-size:29px}.elementor-widget-heading .elementor-heading-title.elementor-size-xl{font-size:39px}.elementor-widget-heading .elementor-heading-title.elementor-size-xxl{font-size:59px}<\/style>\n<h2>Misi\u00f3n<\/h2>\n<p>Promover el desarrollo integral en el \u00e1rea comercial de las empresas que<br \/>\noperan principalmente en M\u00e9xico. Ofreciendo soluciones adecuadas a sus<br \/>\nnecesidades con incrementar su rentabilidad y valor de marca.<o:p><\/o:p><\/p>\n<h2>Visi\u00f3n<\/h2>\n<p>Nuestra visi\u00f3n es consolidar el proceso de formaci\u00f3n de profesionales, innovadores y personal altamente calificado comprometido con el desarrollo del factor humano.&nbsp;<\/p>\n<h2>Valores<\/h2>\n<p>Valor es la palabra clave aqu\u00ed, como ya hemos visto antes, los negocios y los consumidores giran en torno a ese \u00abalgo\u00bb que vuelve especial a un producto o servicio; por lo tanto la propuesta de valor ser\u00e1 el punto de partida si estamos en la b\u00fasqueda del \u00e9xito&nbsp;<\/p>\n","protected":false},"excerpt":{"rendered":"<p>Misi\u00f3n Promover el desarrollo integral en el \u00e1rea comercial de las empresas que operan principalmente en M\u00e9xico. Ofreciendo soluciones adecuadas a sus necesidades con incrementar su rentabilidad y valor de marca. Visi\u00f3n Nuestra visi\u00f3n es consolidar el proceso de formaci\u00f3n de profesionales, innovadores y personal altamente calificado comprometido con el desarrollo del factor humano.&nbsp; Valores &hellip; <\/p>\n<p class=\"link-more\"><a href=\"https:\/\/corporativoglock.com\/?page_id=11\" class=\"more-link\">Continuar leyendo<span class=\"screen-reader-text\"> \u00abAcerca de nosotros\u00bb<\/span><\/a><\/p>\n","protected":false},"author":1,"featured_media":83,"parent":0,"menu_order":0,"comment_status":"closed","ping_status":"closed","template":"","meta":{"om_disable_all_campaigns":false,"_monsterinsights_skip_tracking":false,"_monsterinsights_sitenote_active":false,"_monsterinsights_sitenote_note":"","_monsterinsights_sitenote_category":0,"_uf_show_specific_survey":0,"_uf_disable_surveys":false,"footnotes":""},"class_list":["post-11","page","type-page","status-publish","has-post-thumbnail","hentry"],"aioseo_notices":[],"_links":{"self":[{"href":"https:\/\/corporativoglock.com\/index.php?rest_route=\/wp\/v2\/pages\/11","targetHints":{"allow":["GET"]}}],"collection":[{"href":"https:\/\/corporativoglock.com\/index.php?rest_route=\/wp\/v2\/pages"}],"about":[{"href":"https:\/\/corporativoglock.com\/index.php?rest_route=\/wp\/v2\/types\/page"}],"author":[{"embeddable":true,"href":"https:\/\/corporativoglock.com\/index.php?rest_route=\/wp\/v2\/users\/1"}],"replies":[{"embeddable":true,"href":"https:\/\/corporativoglock.com\/index.php?rest_route=%2Fwp%2Fv2%2Fcomments&post=11"}],"version-history":[{"count":9,"href":"https:\/\/corporativoglock.com\/index.php?rest_route=\/wp\/v2\/pages\/11\/revisions"}],"predecessor-version":[{"id":92,"href":"https:\/\/corporativoglock.com\/index.php?rest_route=\/wp\/v2\/pages\/11\/revisions\/92"}],"wp:featuredmedia":[{"embeddable":true,"href":"https:\/\/corporativoglock.com\/index.php?rest_route=\/wp\/v2\/media\/83"}],"wp:attachment":[{"href":"https:\/\/corporativoglock.com\/index.php?rest_route=%2Fwp%2Fv2%2Fmedia&parent=11"}],"curies":[{"name":"wp","href":"https:\/\/api.w.org\/{rel}","templated":true}]}}